{"id":16421,"date":"2020-04-28T06:51:31","date_gmt":"2020-04-28T05:51:31","guid":{"rendered":"https:\/\/exclusivelabel.eu\/?page_id=16421"},"modified":"2021-05-05T10:44:57","modified_gmt":"2021-05-05T08:44:57","slug":"shipping-policy","status":"publish","type":"page","link":"https:\/\/exclusivelabel.eu\/nl\/shipping-policy\/","title":{"rendered":"Verzendbeleid"},"content":{"rendered":"<div data-elementor-type=\"wp-post\" data-elementor-id=\"16421\" class=\"elementor elementor-16421\" data-elementor-post-type=\"page\">\n\t\t\t\t\t\t<section class=\"elementor-section elementor-top-section elementor-element elementor-element-6c04a0a elementor-hidden-phone elementor-section-boxed elementor-section-height-default elementor-section-height-default\" data-id=\"6c04a0a\" data-element_type=\"section\" data-settings=\"{&quot;background_background&quot;:&quot;classic&quot;,&quot;sticky&quot;:&quot;top&quot;,&quot;sticky_on&quot;:[&quot;desktop&quot;,&quot;tablet&quot;],&quot;animation&quot;:&quot;none&quot;,&quot;animation_mobile&quot;:&quot;slideInDown&quot;,&quot;sticky_offset&quot;:0,&quot;sticky_effects_offset&quot;:0}\">\n\t\t\t\t\t\t<div class=\"elementor-container elementor-column-gap-default\">\n\t\t\t\t\t<div class=\"elementor-column elementor-col-100 elementor-top-column elementor-element elementor-element-22e7a2b5\" data-id=\"22e7a2b5\" data-element_type=\"column\" data-settings=\"{&quot;background_background&quot;:&quot;classic&quot;}\">\n\t\t\t<div class=\"elementor-widget-wrap elementor-element-populated\">\n\t\t\t\t\t\t<div class=\"elementor-element elementor-element-14617343 elementor-widget elementor-widget-heading\" data-id=\"14617343\" data-element_type=\"widget\" data-widget_type=\"heading.default\">\n\t\t\t\t<div class=\"elementor-widget-container\">\n\t\t\t<h2 class=\"elementor-heading-title elementor-size-default\">UITVERKOOP: 50% KORTING VANDAAG<\/h2>\t\t<\/div>\n\t\t\t\t<\/div>\n\t\t\t\t\t<\/div>\n\t\t<\/div>\n\t\t\t\t\t<\/div>\n\t\t<\/section>\n\t\t\t\t<header class=\"elementor-section elementor-top-section elementor-element elementor-element-625a61a1 elementor-section-content-middle elementor-hidden-phone elementor-section-boxed elementor-section-height-default elementor-section-height-default\" data-id=\"625a61a1\" data-element_type=\"section\" data-settings=\"{&quot;background_background&quot;:&quot;classic&quot;,&quot;sticky&quot;:&quot;top&quot;,&quot;sticky_on&quot;:[&quot;desktop&quot;,&quot;tablet&quot;],&quot;sticky_offset&quot;:43,&quot;sticky_effects_offset&quot;:0}\">\n\t\t\t\t\t\t<div class=\"elementor-container elementor-column-gap-no\">\n\t\t\t\t\t<div class=\"elementor-column elementor-col-50 elementor-top-column elementor-element elementor-element-7d73dce8 elementor-hidden-phone\" data-id=\"7d73dce8\" data-element_type=\"column\">\n\t\t\t<div class=\"elementor-widget-wrap elementor-element-populated\">\n\t\t\t\t\t\t<div class=\"elementor-element elementor-element-26f79fe3 elementor-hidden-phone elementor-widget elementor-widget-theme-site-logo elementor-widget-image\" data-id=\"26f79fe3\" data-element_type=\"widget\" data-widget_type=\"theme-site-logo.default\">\n\t\t\t\t<div class=\"elementor-widget-container\">\n\t\t\t\t\t\t\t\t\t<a href=\"https:\/\/exclusivelabel.eu\/nl\/\">\n\t\t\t<img fetchpriority=\"high\" decoding=\"async\" width=\"1280\" height=\"364\" src=\"https:\/\/exclusivelabel.eu\/wp-content\/uploads\/2019\/09\/cropped-exclusive-web-black-1.jpg\" class=\"attachment-full size-full wp-image-1240\" alt=\"\" srcset=\"https:\/\/exclusivelabel.eu\/wp-content\/uploads\/2019\/09\/cropped-exclusive-web-black-1.jpg 1280w, https:\/\/exclusivelabel.eu\/wp-content\/uploads\/2019\/09\/cropped-exclusive-web-black-1-300x85.jpg 300w, https:\/\/exclusivelabel.eu\/wp-content\/uploads\/2019\/09\/cropped-exclusive-web-black-1-768x218.jpg 768w, https:\/\/exclusivelabel.eu\/wp-content\/uploads\/2019\/09\/cropped-exclusive-web-black-1-1024x291.jpg 1024w, https:\/\/exclusivelabel.eu\/wp-content\/uploads\/2019\/09\/cropped-exclusive-web-black-1-600x171.jpg 600w\" sizes=\"(max-width: 1280px) 100vw, 1280px\" \/>\t\t\t\t<\/a>\n\t\t\t\t\t\t\t\t\t<\/div>\n\t\t\t\t<\/div>\n\t\t\t\t\t<\/div>\n\t\t<\/div>\n\t\t\t\t<div class=\"elementor-column elementor-col-50 elementor-top-column elementor-element elementor-element-3096f3bd\" data-id=\"3096f3bd\" data-element_type=\"column\">\n\t\t\t<div class=\"elementor-widget-wrap elementor-element-populated\">\n\t\t\t\t\t\t<div class=\"elementor-element elementor-element-6d36a027 elementor-align-right elementor-tablet-align-right elementor-hidden-phone elementor-widget elementor-widget-button\" data-id=\"6d36a027\" data-element_type=\"widget\" data-widget_type=\"button.default\">\n\t\t\t\t<div class=\"elementor-widget-container\">\n\t\t\t\t\t<div class=\"elementor-button-wrapper\">\n\t\t\t<a class=\"elementor-button elementor-button-link elementor-size-sm elementor-animation-grow\" href=\"https:\/\/exclusivelabel.eu\/nl\/\">\n\t\t\t\t\t\t<span class=\"elementor-button-content-wrapper\">\n\t\t\t\t\t\t\t\t\t<span class=\"elementor-button-text\">NU WINKELEN<\/span>\n\t\t\t\t\t<\/span>\n\t\t\t\t\t<\/a>\n\t\t<\/div>\n\t\t\t\t<\/div>\n\t\t\t\t<\/div>\n\t\t\t\t\t<\/div>\n\t\t<\/div>\n\t\t\t\t\t<\/div>\n\t\t<\/header>\n\t\t\t\t<section class=\"elementor-section elementor-top-section elementor-element elementor-element-2bd10e4c elementor-hidden-desktop elementor-hidden-tablet elementor-section-boxed elementor-section-height-default elementor-section-height-default\" data-id=\"2bd10e4c\" data-element_type=\"section\" data-settings=\"{&quot;background_background&quot;:&quot;classic&quot;,&quot;sticky&quot;:&quot;top&quot;,&quot;sticky_on&quot;:[&quot;mobile&quot;],&quot;animation&quot;:&quot;none&quot;,&quot;animation_mobile&quot;:&quot;slideInDown&quot;,&quot;sticky_offset&quot;:0,&quot;sticky_effects_offset&quot;:0}\">\n\t\t\t\t\t\t<div class=\"elementor-container elementor-column-gap-default\">\n\t\t\t\t\t<div class=\"elementor-column elementor-col-100 elementor-top-column elementor-element elementor-element-c2f3557\" data-id=\"c2f3557\" data-element_type=\"column\" data-settings=\"{&quot;background_background&quot;:&quot;classic&quot;}\">\n\t\t\t<div class=\"elementor-widget-wrap elementor-element-populated\">\n\t\t\t\t\t<div class=\"elementor-background-overlay\"><\/div>\n\t\t\t\t\t\t<div class=\"elementor-element elementor-element-40fec8df elementor-widget elementor-widget-heading\" data-id=\"40fec8df\" data-element_type=\"widget\" data-widget_type=\"heading.default\">\n\t\t\t\t<div class=\"elementor-widget-container\">\n\t\t\t<h2 class=\"elementor-heading-title elementor-size-default\">UITVERKOOP: 50% KORTING VANDAAG<\/h2>\t\t<\/div>\n\t\t\t\t<\/div>\n\t\t\t\t\t<\/div>\n\t\t<\/div>\n\t\t\t\t\t<\/div>\n\t\t<\/section>\n\t\t\t\t<section class=\"elementor-section elementor-top-section elementor-element elementor-element-655a071e elementor-hidden-desktop elementor-hidden-tablet elementor-section-boxed elementor-section-height-default elementor-section-height-default\" data-id=\"655a071e\" data-element_type=\"section\" data-settings=\"{&quot;background_background&quot;:&quot;classic&quot;,&quot;sticky&quot;:&quot;top&quot;,&quot;sticky_on&quot;:[&quot;mobile&quot;],&quot;animation&quot;:&quot;none&quot;,&quot;animation_mobile&quot;:&quot;slideInDown&quot;,&quot;sticky_offset&quot;:40,&quot;sticky_effects_offset&quot;:0}\">\n\t\t\t\t\t\t<div class=\"elementor-container elementor-column-gap-default\">\n\t\t\t\t\t<div class=\"elementor-column elementor-col-100 elementor-top-column elementor-element elementor-element-775c4f81\" data-id=\"775c4f81\" data-element_type=\"column\">\n\t\t\t<div class=\"elementor-widget-wrap elementor-element-populated\">\n\t\t\t\t\t\t<div class=\"elementor-element elementor-element-35cabea4 elementor-align-center elementor-tablet-align-left elementor-mobile-align-center elementor-hidden-desktop elementor-hidden-tablet elementor-widget elementor-widget-button\" data-id=\"35cabea4\" data-element_type=\"widget\" data-widget_type=\"button.default\">\n\t\t\t\t<div class=\"elementor-widget-container\">\n\t\t\t\t\t<div class=\"elementor-button-wrapper\">\n\t\t\t<a class=\"elementor-button elementor-button-link elementor-size-xs elementor-animation-grow\" href=\"https:\/\/exclusivelabel.eu\/nl\/\">\n\t\t\t\t\t\t<span class=\"elementor-button-content-wrapper\">\n\t\t\t\t\t\t\t\t\t<span class=\"elementor-button-text\">NU WINKELEN<\/span>\n\t\t\t\t\t<\/span>\n\t\t\t\t\t<\/a>\n\t\t<\/div>\n\t\t\t\t<\/div>\n\t\t\t\t<\/div>\n\t\t\t\t\t<\/div>\n\t\t<\/div>\n\t\t\t\t\t<\/div>\n\t\t<\/section>\n\t\t\t\t<header class=\"elementor-section elementor-top-section elementor-element elementor-element-34dda55c elementor-section-content-middle elementor-hidden-desktop elementor-hidden-tablet elementor-section-boxed elementor-section-height-default elementor-section-height-default\" data-id=\"34dda55c\" data-element_type=\"section\" data-settings=\"{&quot;background_background&quot;:&quot;classic&quot;,&quot;sticky&quot;:&quot;top&quot;,&quot;sticky_on&quot;:[&quot;desktop&quot;,&quot;tablet&quot;],&quot;sticky_offset&quot;:0,&quot;sticky_effects_offset&quot;:0}\">\n\t\t\t\t\t\t<div class=\"elementor-container elementor-column-gap-no\">\n\t\t\t\t\t<div class=\"elementor-column elementor-col-100 elementor-top-column elementor-element elementor-element-143cb4e9\" data-id=\"143cb4e9\" data-element_type=\"column\">\n\t\t\t<div class=\"elementor-widget-wrap elementor-element-populated\">\n\t\t\t\t\t\t<div class=\"elementor-element elementor-element-5e84c310 elementor-widget elementor-widget-theme-site-logo elementor-widget-image\" data-id=\"5e84c310\" data-element_type=\"widget\" data-widget_type=\"theme-site-logo.default\">\n\t\t\t\t<div class=\"elementor-widget-container\">\n\t\t\t\t\t\t\t\t\t<a href=\"https:\/\/exclusivelabel.eu\/nl\/\">\n\t\t\t<img fetchpriority=\"high\" decoding=\"async\" width=\"1280\" height=\"364\" src=\"https:\/\/exclusivelabel.eu\/wp-content\/uploads\/2019\/09\/cropped-exclusive-web-black-1.jpg\" class=\"attachment-full size-full wp-image-1240\" alt=\"\" srcset=\"https:\/\/exclusivelabel.eu\/wp-content\/uploads\/2019\/09\/cropped-exclusive-web-black-1.jpg 1280w, https:\/\/exclusivelabel.eu\/wp-content\/uploads\/2019\/09\/cropped-exclusive-web-black-1-300x85.jpg 300w, https:\/\/exclusivelabel.eu\/wp-content\/uploads\/2019\/09\/cropped-exclusive-web-black-1-768x218.jpg 768w, https:\/\/exclusivelabel.eu\/wp-content\/uploads\/2019\/09\/cropped-exclusive-web-black-1-1024x291.jpg 1024w, https:\/\/exclusivelabel.eu\/wp-content\/uploads\/2019\/09\/cropped-exclusive-web-black-1-600x171.jpg 600w\" sizes=\"(max-width: 1280px) 100vw, 1280px\" \/>\t\t\t\t<\/a>\n\t\t\t\t\t\t\t\t\t<\/div>\n\t\t\t\t<\/div>\n\t\t\t\t\t<\/div>\n\t\t<\/div>\n\t\t\t\t\t<\/div>\n\t\t<\/header>\n\t\t\t\t<section class=\"elementor-section elementor-top-section elementor-element elementor-element-c2ba72c elementor-section-boxed elementor-section-height-default elementor-section-height-default\" data-id=\"c2ba72c\" data-element_type=\"section\">\n\t\t\t\t\t\t<div class=\"elementor-container elementor-column-gap-default\">\n\t\t\t\t\t<div class=\"elementor-column elementor-col-100 elementor-top-column elementor-element elementor-element-6e7132f6\" data-id=\"6e7132f6\" data-element_type=\"column\">\n\t\t\t<div class=\"elementor-widget-wrap elementor-element-populated\">\n\t\t\t\t\t\t<div class=\"elementor-element elementor-element-5c0b76d4 elementor-widget elementor-widget-text-editor\" data-id=\"5c0b76d4\" data-element_type=\"widget\" data-widget_type=\"text-editor.default\">\n\t\t\t\t<div class=\"elementor-widget-container\">\n\t\t\t\t\t\t\t<p lang=\"en-US\"><strong>Ik moet goederen claimen<\/strong><\/p><p lang=\"en-US\">Ons beleid geldt voor 30 dagen. Als er 30 dagen zijn verstreken sinds uw aankoop werd geleverd, kunnen wij u helaas geen terugbetaling of omruiling aanbieden.<\/p><p lang=\"en-US\">Wij aanvaarden geen retourzendingen voor terugbetaling of omruiling, met uitzondering van artikelen die tijdens het vervoer zijn beschadigd. Om in aanmerking te komen voor een terugbetaling, moet uw artikel ongebruikt zijn en in dezelfde staat verkeren als waarin u het hebt ontvangen. Het moet ook in de originele verpakking zitten.<\/p><p lang=\"en-US\"><strong>Restituties (indien van toepassing)<\/strong><\/p><p lang=\"en-US\">Om in aanmerking te komen voor een terugbetaling of omruiling, moet u ons eerst binnen 30 dagen na ontvangst van de producten een e-mail sturen op support@gvinvestment.freshdesk.com met foto's van de beschadigde artikelen. Na ontvangst van het beschadigde artikel zullen wij een vervangend artikel opsturen, indien beschikbaar. Als een vervanging niet beschikbaar is, zullen wij de volledige aankoopprijs van uw artikel terugbetalen.<\/p><p lang=\"en-US\"><strong>Verloren of Gestolen Pakjes<\/strong><\/p><p lang=\"en-US\">G&amp;V investment s.r.o. is niet verantwoordelijk voor verloren of gestolen pakketten waarvan bevestigd is dat ze geleverd zijn op het adres dat is opgegeven voor een bestelling. Bij navraag zal G&amp;V investment s.r.o. de levering aan het opgegeven adres, de datum van levering, de tracking-informatie en de informatie over de vervoerder aan de klant bevestigen, zodat de klant dit kan onderzoeken.<\/p><p lang=\"en-US\"><strong>Omruilingen (indien van toepassing)<\/strong><\/p><p lang=\"en-US\">Wij vervangen artikelen alleen als ze defect of beschadigd zijn. Als u een artikel wilt ruilen, stuurt u ons een e-mail op support@gvinvestment.freshdesk.com<\/p><p lang=\"en-US\"><strong>Verzending<\/strong><\/p><p lang=\"en-US\">Om uw product terug te sturen, moet u het opsturen naar (FHB Group, Priemyseln\u00e1 3, Sv\u00e4t\u00fd Jur - 900 21, Slowakije).<\/p><p lang=\"en-US\">U bent verantwoordelijk voor het betalen van uw eigen verzendkosten voor het retourneren van uw item. Verzendkosten worden niet terugbetaald.<\/p>\t\t\t\t\t\t<\/div>\n\t\t\t\t<\/div>\n\t\t\t\t\t<\/div>\n\t\t<\/div>\n\t\t\t\t\t<\/div>\n\t\t<\/section>\n\t\t\t\t<section class=\"elementor-section elementor-top-section elementor-element elementor-element-28ed90ff elementor-section-content-middle elementor-section-boxed elementor-section-height-default elementor-section-height-default\" data-id=\"28ed90ff\" data-element_type=\"section\" data-settings=\"{&quot;background_background&quot;:&quot;classic&quot;}\">\n\t\t\t\t\t\t<div class=\"elementor-container elementor-column-gap-no\">\n\t\t\t\t\t<div class=\"elementor-column elementor-col-100 elementor-top-column elementor-element elementor-element-74a8a90f\" data-id=\"74a8a90f\" data-element_type=\"column\">\n\t\t\t<div class=\"elementor-widget-wrap elementor-element-populated\">\n\t\t\t\t\t\t<div class=\"elementor-element elementor-element-d5f576f elementor-widget elementor-widget-heading\" data-id=\"d5f576f\" data-element_type=\"widget\" data-widget_type=\"heading.default\">\n\t\t\t\t<div class=\"elementor-widget-container\">\n\t\t\t<h2 class=\"elementor-heading-title elementor-size-default\"><a href=\"https:\/\/exclusivelabel.eu\/nl\/terms-and-conditions\/\">Gebruiksvoorwaarden<\/a> | <a href=\"https:\/\/exclusivelabel.eu\/nl\/privacy-policy\/\">Privacybeleid<\/a> | <a href=\"https:\/\/exclusivelabel.eu\/nl\/tracking\/\">Bestelling Traceren<\/a>  | <a href=\"https:\/\/exclusivelabel.eu\/nl\/shipping-policy\/\">Verzendbeleid<\/a> | <a href=\"https:\/\/exclusivelabel.eu\/nl\/contact\/\">Contactformulier<\/a> | +1(607)258-1090<\/h2>\t\t<\/div>\n\t\t\t\t<\/div>\n\t\t\t\t<div class=\"elementor-element elementor-element-6d79a2d7 elementor-widget-divider--view-line elementor-widget elementor-widget-divider\" data-id=\"6d79a2d7\" data-element_type=\"widget\" data-widget_type=\"divider.default\">\n\t\t\t\t<div class=\"elementor-widget-container\">\n\t\t\t\t\t<div class=\"elementor-divider\">\n\t\t\t<span class=\"elementor-divider-separator\">\n\t\t\t\t\t\t<\/span>\n\t\t<\/div>\n\t\t\t\t<\/div>\n\t\t\t\t<\/div>\n\t\t\t\t<div class=\"elementor-element elementor-element-4c36d31e elementor-widget elementor-widget-heading\" data-id=\"4c36d31e\" data-element_type=\"widget\" data-widget_type=\"heading.default\">\n\t\t\t\t<div class=\"elementor-widget-container\">\n\t\t\t<div class=\"elementor-heading-title elementor-size-default\">Copyright 2026 | All rights Reserved | Design by Exclusive\u2122\ufe0f<\/div>\t\t<\/div>\n\t\t\t\t<\/div>\n\t\t\t\t<div class=\"elementor-element elementor-element-14cabe8e elementor-widget elementor-widget-heading\" data-id=\"14cabe8e\" data-element_type=\"widget\" data-widget_type=\"heading.default\">\n\t\t\t\t<div class=\"elementor-widget-container\">\n\t\t\t<h2 class=\"elementor-heading-title elementor-size-default\">G&V investment s.r.o. - Ji\u010d\u00ednsk\u00e1 226\/17, \u017di\u017ekov, 130 00 Praha 3, I\u010cO: 06377998<\/h2>\t\t<\/div>\n\t\t\t\t<\/div>\n\t\t\t\t<div class=\"elementor-element elementor-element-43cc23dd elementor-widget elementor-widget-heading\" data-id=\"43cc23dd\" data-element_type=\"widget\" data-widget_type=\"heading.default\">\n\t\t\t\t<div class=\"elementor-widget-container\">\n\t\t\t<h2 class=\"elementor-heading-title elementor-size-default\">Deze site maakt geen deel uit van de Facebook-website of Facebook Inc. Bovendien wordt deze site op geen enkele wijze door Facebook ondersteund. FACEBOOK is een handelsmerk van FACEBOOK, Inc.<\/h2>\t\t<\/div>\n\t\t\t\t<\/div>\n\t\t\t\t<div class=\"elementor-element elementor-element-5e5128b3 elementor-widget elementor-widget-image\" data-id=\"5e5128b3\" data-element_type=\"widget\" data-widget_type=\"image.default\">\n\t\t\t\t<div class=\"elementor-widget-container\">\n\t\t\t\t\t\t\t\t\t\t\t\t\t<img decoding=\"async\" width=\"300\" height=\"63\" src=\"https:\/\/exclusivelabel.eu\/wp-content\/uploads\/2020\/04\/cards-min-300x63.png\" class=\"attachment-medium size-medium wp-image-14651\" alt=\"\" srcset=\"https:\/\/exclusivelabel.eu\/wp-content\/uploads\/2020\/04\/cards-min-300x63.png 300w, https:\/\/exclusivelabel.eu\/wp-content\/uploads\/2020\/04\/cards-min.png 484w\" sizes=\"(max-width: 300px) 100vw, 300px\" \/>\t\t\t\t\t\t\t\t\t\t\t\t\t<\/div>\n\t\t\t\t<\/div>\n\t\t\t\t<div class=\"elementor-element elementor-element-266f1828 elementor-widget elementor-widget-shortcode\" data-id=\"266f1828\" data-element_type=\"widget\" data-widget_type=\"shortcode.default\">\n\t\t\t\t<div class=\"elementor-widget-container\">\n\t\t\t\t\t<div class=\"elementor-shortcode\"><div style=\"text-align:center;\">\n<div class=\"trp_language_switcher_shortcode\">\n<div class=\"trp-language-switcher trp-language-switcher-container\" data-no-translation>\n    <div class=\"trp-ls-shortcode-current-language\">\n        <a href=\"#\" class=\"trp-ls-shortcode-disabled-language trp-ls-disabled-language\" title=\"Nederlands\" onclick=\"event.preventDefault()\">\n\t\t\t<img decoding=\"async\" class=\"trp-flag-image\" src=\"https:\/\/exclusivelabel.eu\/wp-content\/plugins\/translatepress-multilingual\/assets\/images\/flags\/nl_NL.png\" width=\"18\" height=\"12\" alt=\"nl_NL\" title=\"Nederlands\"> NL\t\t<\/a>\n    <\/div>\n    <div class=\"trp-ls-shortcode-language\">\n                <a href=\"#\" class=\"trp-ls-shortcode-disabled-language trp-ls-disabled-language\"  title=\"Nederlands\" onclick=\"event.preventDefault()\">\n\t\t\t<img decoding=\"async\" class=\"trp-flag-image\" src=\"https:\/\/exclusivelabel.eu\/wp-content\/plugins\/translatepress-multilingual\/assets\/images\/flags\/nl_NL.png\" width=\"18\" height=\"12\" alt=\"nl_NL\" title=\"Nederlands\"> NL\t\t<\/a>\n                    <a href=\"https:\/\/exclusivelabel.eu\/wp-json\/wp\/v2\/pages\/16421\/\" title=\"English\">\n            <img loading=\"lazy\" decoding=\"async\" class=\"trp-flag-image\" src=\"https:\/\/exclusivelabel.eu\/wp-content\/plugins\/translatepress-multilingual\/assets\/images\/flags\/en_US.png\" width=\"18\" height=\"12\" alt=\"en_US\" title=\"English\"> EN        <\/a>\n\n            <a href=\"https:\/\/exclusivelabel.eu\/de\/wp-json\/wp\/v2\/pages\/16421\/\" title=\"Deutsch\">\n            <img loading=\"lazy\" decoding=\"async\" class=\"trp-flag-image\" src=\"https:\/\/exclusivelabel.eu\/wp-content\/plugins\/translatepress-multilingual\/assets\/images\/flags\/de_DE.png\" width=\"18\" height=\"12\" alt=\"de_DE\" title=\"Deutsch\"> DE        <\/a>\n\n            <a href=\"https:\/\/exclusivelabel.eu\/fr\/wp-json\/wp\/v2\/pages\/16421\/\" title=\"Fran\u00e7ais\">\n            <img loading=\"lazy\" decoding=\"async\" class=\"trp-flag-image\" src=\"https:\/\/exclusivelabel.eu\/wp-content\/plugins\/translatepress-multilingual\/assets\/images\/flags\/fr_FR.png\" width=\"18\" height=\"12\" alt=\"fr_FR\" title=\"Fran\u00e7ais\"> FR        <\/a>\n\n            <a href=\"https:\/\/exclusivelabel.eu\/es\/wp-json\/wp\/v2\/pages\/16421\/\" title=\"Espa\u00f1ol\">\n            <img loading=\"lazy\" decoding=\"async\" class=\"trp-flag-image\" src=\"https:\/\/exclusivelabel.eu\/wp-content\/plugins\/translatepress-multilingual\/assets\/images\/flags\/es_ES.png\" width=\"18\" height=\"12\" alt=\"es_ES\" title=\"Espa\u00f1ol\"> ES        <\/a>\n\n            <a href=\"https:\/\/exclusivelabel.eu\/it\/wp-json\/wp\/v2\/pages\/16421\/\" title=\"Italiano\">\n            <img loading=\"lazy\" decoding=\"async\" class=\"trp-flag-image\" src=\"https:\/\/exclusivelabel.eu\/wp-content\/plugins\/translatepress-multilingual\/assets\/images\/flags\/it_IT.png\" width=\"18\" height=\"12\" alt=\"it_IT\" title=\"Italiano\"> IT        <\/a>\n\n            <a href=\"https:\/\/exclusivelabel.eu\/pt\/wp-json\/wp\/v2\/pages\/16421\/\" title=\"Portugu\u00eas\">\n            <img loading=\"lazy\" decoding=\"async\" class=\"trp-flag-image\" src=\"https:\/\/exclusivelabel.eu\/wp-content\/plugins\/translatepress-multilingual\/assets\/images\/flags\/pt_PT.png\" width=\"18\" height=\"12\" alt=\"pt_PT\" title=\"Portugu\u00eas\"> PT        <\/a>\n\n            <a href=\"https:\/\/exclusivelabel.eu\/se\/wp-json\/wp\/v2\/pages\/16421\/\" title=\"Svenska\">\n            <img loading=\"lazy\" decoding=\"async\" class=\"trp-flag-image\" src=\"https:\/\/exclusivelabel.eu\/wp-content\/plugins\/translatepress-multilingual\/assets\/images\/flags\/sv_SE.png\" width=\"18\" height=\"12\" alt=\"sv_SE\" title=\"Svenska\"> SE        <\/a>\n\n            <a href=\"https:\/\/exclusivelabel.eu\/sl\/wp-json\/wp\/v2\/pages\/16421\/\" title=\"Sloven\u0161\u010dina\">\n            <img loading=\"lazy\" decoding=\"async\" class=\"trp-flag-image\" src=\"https:\/\/exclusivelabel.eu\/wp-content\/plugins\/translatepress-multilingual\/assets\/images\/flags\/sl_SI.png\" width=\"18\" height=\"12\" alt=\"sl_SI\" title=\"Sloven\u0161\u010dina\"> SL        <\/a>\n\n            <a href=\"https:\/\/exclusivelabel.eu\/hr\/wp-json\/wp\/v2\/pages\/16421\/\" title=\"Hrvatski\">\n            <img loading=\"lazy\" decoding=\"async\" class=\"trp-flag-image\" src=\"https:\/\/exclusivelabel.eu\/wp-content\/plugins\/translatepress-multilingual\/assets\/images\/flags\/hr.png\" width=\"18\" height=\"12\" alt=\"hr\" title=\"Hrvatski\"> HR        <\/a>\n\n            <a href=\"https:\/\/exclusivelabel.eu\/gr\/wp-json\/wp\/v2\/pages\/16421\/\" title=\"\u0395\u03bb\u03bb\u03b7\u03bd\u03b9\u03ba\u03ac\">\n            <img loading=\"lazy\" decoding=\"async\" class=\"trp-flag-image\" src=\"https:\/\/exclusivelabel.eu\/wp-content\/plugins\/translatepress-multilingual\/assets\/images\/flags\/el.png\" width=\"18\" height=\"12\" alt=\"el\" title=\"\u0395\u03bb\u03bb\u03b7\u03bd\u03b9\u03ba\u03ac\"> GR        <\/a>\n\n            <a href=\"https:\/\/exclusivelabel.eu\/uk\/wp-json\/wp\/v2\/pages\/16421\/\" title=\"English (UK)\">\n            <img loading=\"lazy\" decoding=\"async\" class=\"trp-flag-image\" src=\"https:\/\/exclusivelabel.eu\/wp-content\/plugins\/translatepress-multilingual\/assets\/images\/flags\/en_GB.png\" width=\"18\" height=\"12\" alt=\"en_GB\" title=\"English (UK)\"> UK        <\/a>\n\n            <a href=\"https:\/\/exclusivelabel.eu\/sk\/wp-json\/wp\/v2\/pages\/16421\/\" title=\"Sloven\u010dina\">\n            <img loading=\"lazy\" decoding=\"async\" class=\"trp-flag-image\" src=\"https:\/\/exclusivelabel.eu\/wp-content\/plugins\/translatepress-multilingual\/assets\/images\/flags\/sk_SK.png\" width=\"18\" height=\"12\" alt=\"sk_SK\" title=\"Sloven\u010dina\"> SK        <\/a>\n\n        <\/div>\n    <script type=\"application\/javascript\">\n        \/\/ need to have the same with set from JS on both divs. Otherwise it can push stuff around in HTML\n        var trp_ls_shortcodes = document.querySelectorAll('.trp_language_switcher_shortcode .trp-language-switcher');\n        if ( trp_ls_shortcodes.length > 0) {\n            \/\/ get the last language switcher added\n            var trp_el = trp_ls_shortcodes[trp_ls_shortcodes.length - 1];\n\n            var trp_shortcode_language_item = trp_el.querySelector( '.trp-ls-shortcode-language' )\n            \/\/ set width\n            var trp_ls_shortcode_width                                               = trp_shortcode_language_item.offsetWidth + 16;\n            trp_shortcode_language_item.style.width                                  = trp_ls_shortcode_width + 'px';\n            trp_el.querySelector( '.trp-ls-shortcode-current-language' ).style.width = trp_ls_shortcode_width + 'px';\n\n            \/\/ We're putting this on display: none after we have its width.\n            trp_shortcode_language_item.style.display = 'none';\n        }\n    <\/script>\n<\/div>\n<\/div>\n<\/div><\/div>\n\t\t\t\t<\/div>\n\t\t\t\t<\/div>\n\t\t\t\t\t<\/div>\n\t\t<\/div>\n\t\t\t\t\t<\/div>\n\t\t<\/section>\n\t\t\t\t<\/div>","protected":false},"excerpt":{"rendered":"<p>SALE: 50% OFF TODAY Shop now SALE: 50% OFF TODAY Shop now I need to claim goods Our policy lasts 30 days. If 30 days have gone by since your purchase was delivered, unfortunately, we can\u2019t offer you a refund or exchange. We do not accept returns for refund or exchange, at the exception of [&hellip;]<\/p>","protected":false},"author":1,"featured_media":0,"parent":0,"menu_order":0,"comment_status":"closed","ping_status":"closed","template":"elementor_canvas","meta":{"footnotes":""},"_links":{"self":[{"href":"https:\/\/exclusivelabel.eu\/nl\/wp-json\/wp\/v2\/pages\/16421"}],"collection":[{"href":"https:\/\/exclusivelabel.eu\/nl\/wp-json\/wp\/v2\/pages"}],"about":[{"href":"https:\/\/exclusivelabel.eu\/nl\/wp-json\/wp\/v2\/types\/page"}],"author":[{"embeddable":true,"href":"https:\/\/exclusivelabel.eu\/nl\/wp-json\/wp\/v2\/users\/1"}],"replies":[{"embeddable":true,"href":"https:\/\/exclusivelabel.eu\/nl\/wp-json\/wp\/v2\/comments?post=16421"}],"version-history":[{"count":0,"href":"https:\/\/exclusivelabel.eu\/nl\/wp-json\/wp\/v2\/pages\/16421\/revisions"}],"wp:attachment":[{"href":"https:\/\/exclusivelabel.eu\/nl\/wp-json\/wp\/v2\/media?parent=16421"}],"curies":[{"name":"wp","href":"https:\/\/api.w.org\/{rel}","templated":true}]}}